{"id":656,"date":"2021-01-07T16:19:08","date_gmt":"2021-01-07T16:19:08","guid":{"rendered":"http:\/\/www.danz50plus.lu\/?page_id=656"},"modified":"2021-01-27T18:28:44","modified_gmt":"2021-01-27T18:28:44","slug":"isdc-2013-finnland","status":"publish","type":"page","link":"https:\/\/www.danz50plus.lu\/isdc-2013-finnland\/","title":{"rendered":"ISDC 2013 Finnland"},"content":{"rendered":"\n<p class=\"has-cyan-bluish-gray-background-color has-background\">Unsere Teilnehmerinnen von links nach rechts: <\/p>\n\n\n\n<figure class=\"wp-block-image size-large\"><img loading=\"lazy\" decoding=\"async\" width=\"455\" height=\"222\" src=\"https:\/\/www.danz50plus.lu\/wp-content\/uploads\/2021\/01\/Finnland-RBS-1-nur-Foto.jpg\" alt=\"\" class=\"wp-image-1338\" srcset=\"https:\/\/www.danz50plus.lu\/wp-content\/uploads\/2021\/01\/Finnland-RBS-1-nur-Foto.jpg 455w, https:\/\/www.danz50plus.lu\/wp-content\/uploads\/2021\/01\/Finnland-RBS-1-nur-Foto-300x146.jpg 300w\" sizes=\"auto, (max-width: 455px) 100vw, 455px\" \/><\/figure>\n\n\n\n<p class=\"has-cyan-bluish-gray-background-color has-background\">Links vorne: Ute Ott-Guth<\/p>\n\n\n\n<p class=\"has-cyan-bluish-gray-background-color has-background\">Dahinter: Nel Haentges, Josianne Reiffenberg, Jos\u00e9e Weiss, Monique Kieffer, Hiltrud Steier<\/p>\n\n\n\n<figure class=\"wp-block-gallery columns-1 is-cropped wp-block-gallery-1 is-layout-flex wp-block-gallery-is-layout-flex\"><ul class=\"blocks-gallery-grid\"><li class=\"blocks-gallery-item\"><figure><img loading=\"lazy\" decoding=\"async\" width=\"525\" height=\"321\" src=\"https:\/\/www.danz50plus.lu\/wp-content\/uploads\/2021\/01\/Finnland-RBS-1-Text-1.jpg\" alt=\"\" data-id=\"1342\" data-full-url=\"https:\/\/www.danz50plus.lu\/wp-content\/uploads\/2021\/01\/Finnland-RBS-1-Text-1.jpg\" data-link=\"https:\/\/www.danz50plus.lu\/?attachment_id=1342\" class=\"wp-image-1342\" srcset=\"https:\/\/www.danz50plus.lu\/wp-content\/uploads\/2021\/01\/Finnland-RBS-1-Text-1.jpg 525w, https:\/\/www.danz50plus.lu\/wp-content\/uploads\/2021\/01\/Finnland-RBS-1-Text-1-300x183.jpg 300w\" sizes=\"auto, (max-width: 525px) 100vw, 525px\" \/><\/figure><\/li><\/ul><\/figure>\n\n\n\n<figure class=\"wp-block-image size-large\"><img loading=\"lazy\" decoding=\"async\" width=\"507\" height=\"407\" src=\"https:\/\/www.danz50plus.lu\/wp-content\/uploads\/2021\/01\/Finnland-RBS-2-2.jpg\" alt=\"\" class=\"wp-image-1343\" srcset=\"https:\/\/www.danz50plus.lu\/wp-content\/uploads\/2021\/01\/Finnland-RBS-2-2.jpg 507w, https:\/\/www.danz50plus.lu\/wp-content\/uploads\/2021\/01\/Finnland-RBS-2-2-300x241.jpg 300w\" sizes=\"auto, (max-width: 507px) 100vw, 507px\" \/><\/figure>\n\n\n\n<p class=\"has-cyan-bluish-gray-background-color has-background\">Artikel aus der Zeitschrift vom RBS &#8211; Autor Jos\u00e9e Weis<\/p>\n\n\n\n<p>Unsere eingebrachten T\u00e4nze waren: &#8222;<strong>Shir Eretz<\/strong>&#8220; und &#8222;<strong>Marche Hare<\/strong>&#8222;.<\/p>\n\n\n\n<figure class=\"wp-block-table is-style-stripes\"><table><tbody><tr><td>STAND: 27.01.2021<br>Autor: Ute Ott-Guth<br>Wenn Sie Fehler oder Irrt\u00fcmer finden, bitte melden Sie sich bei uns!<br>Mail: secretariat@danz50plus.lu<br>Tel.: (*352) 691 65 27 15<\/td><\/tr><\/tbody><\/table><\/figure>\n","protected":false},"excerpt":{"rendered":"<p>Unsere Teilnehmerinnen von links nach rechts: Links vorne: Ute Ott-Guth Dahinter: Nel Haentges, Josianne Reiffenberg, Jos\u00e9e Weiss, Monique Kieffer, Hiltrud Steier Artikel aus der Zeitschrift vom RBS &#8211; Autor Jos\u00e9e Weis Unsere eingebrachten T\u00e4nze waren: &#8222;Shir Eretz&#8220; und &#8222;Marche Hare&#8222;. STAND: 27.01.2021Autor: Ute Ott-GuthWenn Sie Fehler oder Irrt\u00fcmer finden, bitte melden Sie sich bei uns!Mail: [&hellip;]<\/p>\n","protected":false},"author":2,"featured_media":0,"parent":0,"menu_order":0,"comment_status":"closed","ping_status":"closed","template":"","meta":{"footnotes":""},"class_list":["post-656","page","type-page","status-publish","hentry"],"_links":{"self":[{"href":"https:\/\/www.danz50plus.lu\/wp-json\/wp\/v2\/pages\/656","targetHints":{"allow":["GET"]}}],"collection":[{"href":"https:\/\/www.danz50plus.lu\/wp-json\/wp\/v2\/pages"}],"about":[{"href":"https:\/\/www.danz50plus.lu\/wp-json\/wp\/v2\/types\/page"}],"author":[{"embeddable":true,"href":"https:\/\/www.danz50plus.lu\/wp-json\/wp\/v2\/users\/2"}],"replies":[{"embeddable":true,"href":"https:\/\/www.danz50plus.lu\/wp-json\/wp\/v2\/comments?post=656"}],"version-history":[{"count":12,"href":"https:\/\/www.danz50plus.lu\/wp-json\/wp\/v2\/pages\/656\/revisions"}],"predecessor-version":[{"id":1346,"href":"https:\/\/www.danz50plus.lu\/wp-json\/wp\/v2\/pages\/656\/revisions\/1346"}],"wp:attachment":[{"href":"https:\/\/www.danz50plus.lu\/wp-json\/wp\/v2\/media?parent=656"}],"curies":[{"name":"wp","href":"https:\/\/api.w.org\/{rel}","templated":true}]}}