{"id":1234,"date":"2021-01-26T19:37:56","date_gmt":"2021-01-26T19:37:56","guid":{"rendered":"https:\/\/www.danz50plus.lu\/?page_id=1234"},"modified":"2021-01-27T18:12:31","modified_gmt":"2021-01-27T18:12:31","slug":"persoenliches-zum-isdc-norwegen-2019","status":"publish","type":"page","link":"https:\/\/www.danz50plus.lu\/persoenliches-zum-isdc-norwegen-2019\/","title":{"rendered":"Pers\u00f6nliches zum ISDC Norwegen 2019"},"content":{"rendered":"\n<figure class=\"wp-block-image size-large is-resized\"><img loading=\"lazy\" decoding=\"async\" src=\"https:\/\/www.danz50plus.lu\/wp-content\/uploads\/2021\/01\/Ute-Dez-20-2-2.jpg\" alt=\"\" class=\"wp-image-203\" width=\"94\" height=\"156\" srcset=\"https:\/\/www.danz50plus.lu\/wp-content\/uploads\/2021\/01\/Ute-Dez-20-2-2.jpg 388w, https:\/\/www.danz50plus.lu\/wp-content\/uploads\/2021\/01\/Ute-Dez-20-2-2-181x300.jpg 181w\" sizes=\"auto, (max-width: 94px) 100vw, 94px\" \/><\/figure>\n\n\n\n<p>Ute Ott-Guth<\/p>\n\n\n\n<p class=\"has-drop-cap has-cyan-bluish-gray-background-color has-background\"><strong>Wir waren dabei!<\/strong><\/p>\n\n\n\n<figure class=\"wp-block-image size-large is-resized\"><img loading=\"lazy\" decoding=\"async\" src=\"https:\/\/www.danz50plus.lu\/wp-content\/uploads\/2021\/01\/IMG-20190529-WA0013-1-1024x768.jpg\" alt=\"Maihaugen\" class=\"wp-image-1331\" width=\"256\" height=\"192\" srcset=\"https:\/\/www.danz50plus.lu\/wp-content\/uploads\/2021\/01\/IMG-20190529-WA0013-1-1024x768.jpg 1024w, https:\/\/www.danz50plus.lu\/wp-content\/uploads\/2021\/01\/IMG-20190529-WA0013-1-300x225.jpg 300w, https:\/\/www.danz50plus.lu\/wp-content\/uploads\/2021\/01\/IMG-20190529-WA0013-1-768x576.jpg 768w, https:\/\/www.danz50plus.lu\/wp-content\/uploads\/2021\/01\/IMG-20190529-WA0013-1-1536x1153.jpg 1536w, https:\/\/www.danz50plus.lu\/wp-content\/uploads\/2021\/01\/IMG-20190529-WA0013-1.jpg 1599w\" sizes=\"auto, (max-width: 256px) 100vw, 256px\" \/><figcaption>Foto: Ute Ott-Guth<\/figcaption><\/figure>\n\n\n\n<figure class=\"wp-block-table is-style-stripes\"><table><tbody><tr><td>Wir wurden von unseren Gastgebern nach Maihaugen eingeladen.<\/td><\/tr><tr><td><strong>Maihaugen<\/strong> ist ein kulturhistorisches Museum mit <a href=\"https:\/\/de.wikipedia.org\/wiki\/Freilichtmuseum\">Freilichtmuseum<\/a> sowie ein Regionalmuseum des <a href=\"https:\/\/de.wikipedia.org\/wiki\/Gudbrandsdal\">Gudbrandsdal<\/a> in <a href=\"https:\/\/de.wikipedia.org\/wiki\/Lillehammer\">Lillehammer<\/a> in <a href=\"https:\/\/de.wikipedia.org\/wiki\/Norwegen\">Norwegen<\/a>. Es ist die in der Region am meisten besuchte Touristen-Attraktion. <br>Gegr\u00fcndet wurde das Museum durch den Zahnarzt Anders Sandvig (1862\u20131950) unter dem Namen <em>De Sandvigske Samlinger (Die Sandvigschen Sammlungen)<\/em>, der 1887 damit begann, auf seinem Privatgel\u00e4nde alte H\u00e4user und Geb\u00e4ude von Bauernh\u00f6fen aus dem Gudbrandsdal zu sammeln. Als sein Gel\u00e4nde zu klein wurde, wurde ihm durch die Stadt Lillehammer im Jahr 1904 das gegenw\u00e4rtige Gel\u00e4nde zur Verwendung angeboten, das damals schon den Namen Maihaugen (Mai-H\u00fcgel) trug und eine Art Stadtpark darstellte.<br><\/td><\/tr><tr><td>Das Museum wurde dann im Jahr 1904 er\u00f6ffnet und ist heute auch ein beliebtes Ziel der Umlandbewohner zur Feier des 17. Mais (<a href=\"https:\/\/de.wikipedia.org\/wiki\/Verfassungstag_(Norwegen)\">Norwegischer Nationalfeiertag<\/a>) und f\u00fcr das Abbrennen eines Pfingstfeuers. Im Jahr 2005 setzte sich schlie\u00dflich der Name <em>Maihaugen<\/em> durch.<br>Wir haben das Dorf (Bygda) besucht \u2013 Siedlungen aus dem Gudbrandsdal im 18. und 19. Jahrhundert, darunter die <a href=\"https:\/\/de.wikipedia.org\/wiki\/Stabkirche_Garmo\">Stabkirche Garmo<\/a> (Informationen: Wikipedia, 07.01.2020)<\/td><\/tr><\/tbody><\/table><\/figure>\n\n\n\n<figure class=\"wp-block-image size-large is-resized\"><img loading=\"lazy\" decoding=\"async\" src=\"https:\/\/www.danz50plus.lu\/wp-content\/uploads\/2021\/01\/20190528_134835-1024x768.jpg\" alt=\"\" class=\"wp-image-633\" width=\"256\" height=\"192\" srcset=\"https:\/\/www.danz50plus.lu\/wp-content\/uploads\/2021\/01\/20190528_134835-1024x768.jpg 1024w, https:\/\/www.danz50plus.lu\/wp-content\/uploads\/2021\/01\/20190528_134835-300x225.jpg 300w, https:\/\/www.danz50plus.lu\/wp-content\/uploads\/2021\/01\/20190528_134835-768x576.jpg 768w, https:\/\/www.danz50plus.lu\/wp-content\/uploads\/2021\/01\/20190528_134835-1536x1152.jpg 1536w, https:\/\/www.danz50plus.lu\/wp-content\/uploads\/2021\/01\/20190528_134835-2048x1536.jpg 2048w\" sizes=\"auto, (max-width: 256px) 100vw, 256px\" \/><figcaption>Hotel Radison in Lillehammer; Foto Ute Ott-Guth<\/figcaption><\/figure>\n\n\n\n<figure class=\"wp-block-table is-style-stripes\"><table><tbody><tr><td><strong>Eindr\u00fccke aus unserem Hotel Radison<\/strong><br><strong>&nbsp;<\/strong>*  Das Hotel liegt in sch\u00f6ner Umgebungen<br>*&nbsp;&nbsp; 15 Minuten Spaziergang von der Stadtmitte&nbsp;&nbsp;&nbsp;&nbsp;<br>*&nbsp;&nbsp; 300 Zimmern<br>*&nbsp;&nbsp; Konferenz Zimmer<br>*&nbsp;&nbsp; Restaurants<br>*&nbsp;&nbsp; Spa &#8211;&nbsp; Fitness Abteilung<br>&nbsp;*  Tanz- S\u00e4le<\/td><\/tr><\/tbody><\/table><\/figure>\n\n\n\n<figure class=\"wp-block-gallery columns-2 is-cropped wp-block-gallery-1 is-layout-flex wp-block-gallery-is-layout-flex\"><ul class=\"blocks-gallery-grid\"><li class=\"blocks-gallery-item\"><figure><img loading=\"lazy\" decoding=\"async\" width=\"1012\" height=\"566\" src=\"https:\/\/www.danz50plus.lu\/wp-content\/uploads\/2021\/01\/Hotel-Radison-Tanzsaal.png\" alt=\"\" data-id=\"1238\" data-full-url=\"https:\/\/www.danz50plus.lu\/wp-content\/uploads\/2021\/01\/Hotel-Radison-Tanzsaal.png\" data-link=\"https:\/\/www.danz50plus.lu\/?attachment_id=1238\" class=\"wp-image-1238\" srcset=\"https:\/\/www.danz50plus.lu\/wp-content\/uploads\/2021\/01\/Hotel-Radison-Tanzsaal.png 1012w, https:\/\/www.danz50plus.lu\/wp-content\/uploads\/2021\/01\/Hotel-Radison-Tanzsaal-300x168.png 300w, https:\/\/www.danz50plus.lu\/wp-content\/uploads\/2021\/01\/Hotel-Radison-Tanzsaal-768x430.png 768w\" sizes=\"auto, (max-width: 1012px) 100vw, 1012px\" \/><\/figure><\/li><li class=\"blocks-gallery-item\"><figure><img loading=\"lazy\" decoding=\"async\" width=\"597\" height=\"385\" src=\"https:\/\/www.danz50plus.lu\/wp-content\/uploads\/2021\/01\/Hotel.png\" alt=\"\" data-id=\"1239\" data-full-url=\"https:\/\/www.danz50plus.lu\/wp-content\/uploads\/2021\/01\/Hotel.png\" data-link=\"https:\/\/www.danz50plus.lu\/?attachment_id=1239\" class=\"wp-image-1239\" srcset=\"https:\/\/www.danz50plus.lu\/wp-content\/uploads\/2021\/01\/Hotel.png 597w, https:\/\/www.danz50plus.lu\/wp-content\/uploads\/2021\/01\/Hotel-300x193.png 300w\" sizes=\"auto, (max-width: 597px) 100vw, 597px\" \/><figcaption class=\"blocks-gallery-item__caption\">Hotel Radison<\/figcaption><\/figure><\/li><\/ul><\/figure>\n\n\n\n<figure class=\"wp-block-gallery columns-2 is-cropped wp-block-gallery-2 is-layout-flex wp-block-gallery-is-layout-flex\"><ul class=\"blocks-gallery-grid\"><li class=\"blocks-gallery-item\"><figure><img loading=\"lazy\" decoding=\"async\" width=\"777\" height=\"424\" src=\"https:\/\/www.danz50plus.lu\/wp-content\/uploads\/2021\/01\/Bild-Lillehammer.jpg\" alt=\"\" data-id=\"1240\" data-full-url=\"https:\/\/www.danz50plus.lu\/wp-content\/uploads\/2021\/01\/Bild-Lillehammer.jpg\" data-link=\"https:\/\/www.danz50plus.lu\/?attachment_id=1240\" class=\"wp-image-1240\" srcset=\"https:\/\/www.danz50plus.lu\/wp-content\/uploads\/2021\/01\/Bild-Lillehammer.jpg 777w, https:\/\/www.danz50plus.lu\/wp-content\/uploads\/2021\/01\/Bild-Lillehammer-300x164.jpg 300w, https:\/\/www.danz50plus.lu\/wp-content\/uploads\/2021\/01\/Bild-Lillehammer-768x419.jpg 768w\" sizes=\"auto, (max-width: 777px) 100vw, 777px\" \/><figcaption class=\"blocks-gallery-item__caption\">Lillehammer<\/figcaption><\/figure><\/li><li class=\"blocks-gallery-item\"><figure><img loading=\"lazy\" decoding=\"async\" width=\"370\" height=\"325\" src=\"https:\/\/www.danz50plus.lu\/wp-content\/uploads\/2021\/01\/Olympia-1994.jpg\" alt=\"\" data-id=\"1241\" data-full-url=\"https:\/\/www.danz50plus.lu\/wp-content\/uploads\/2021\/01\/Olympia-1994.jpg\" data-link=\"https:\/\/www.danz50plus.lu\/?attachment_id=1241\" class=\"wp-image-1241\" srcset=\"https:\/\/www.danz50plus.lu\/wp-content\/uploads\/2021\/01\/Olympia-1994.jpg 370w, https:\/\/www.danz50plus.lu\/wp-content\/uploads\/2021\/01\/Olympia-1994-300x264.jpg 300w\" sizes=\"auto, (max-width: 370px) 100vw, 370px\" \/><figcaption class=\"blocks-gallery-item__caption\">Olympia 1994<\/figcaption><\/figure><\/li><\/ul><\/figure>\n\n\n\n<p class=\"has-cyan-bluish-gray-background-color has-background\">Fotos: Aus der Powerpointpr\u00e4sentation ISDC Norwegen<\/p>\n\n\n\n<p class=\"has-cyan-bluish-gray-background-color has-background\">STAND: 26.01.2021<br>Autor: Ute Ott-Guth<br>Wenn Sie Fehler oder Irrt\u00fcmer finden, bitte melden Sie sich!<br>Mail: secretariat@danz50plus.lu<br>Tel.: 00352 691 65 27 15<\/p>\n","protected":false},"excerpt":{"rendered":"<p>Ute Ott-Guth Wir waren dabei! Wir wurden von unseren Gastgebern nach Maihaugen eingeladen. Maihaugen ist ein kulturhistorisches Museum mit Freilichtmuseum sowie ein Regionalmuseum des Gudbrandsdal in Lillehammer in Norwegen. Es ist die in der Region am meisten besuchte Touristen-Attraktion. Gegr\u00fcndet wurde das Museum durch den Zahnarzt Anders Sandvig (1862\u20131950) unter dem Namen De Sandvigske Samlinger [&hellip;]<\/p>\n","protected":false},"author":2,"featured_media":0,"parent":0,"menu_order":0,"comment_status":"closed","ping_status":"closed","template":"","meta":{"footnotes":""},"class_list":["post-1234","page","type-page","status-publish","hentry"],"_links":{"self":[{"href":"https:\/\/www.danz50plus.lu\/wp-json\/wp\/v2\/pages\/1234","targetHints":{"allow":["GET"]}}],"collection":[{"href":"https:\/\/www.danz50plus.lu\/wp-json\/wp\/v2\/pages"}],"about":[{"href":"https:\/\/www.danz50plus.lu\/wp-json\/wp\/v2\/types\/page"}],"author":[{"embeddable":true,"href":"https:\/\/www.danz50plus.lu\/wp-json\/wp\/v2\/users\/2"}],"replies":[{"embeddable":true,"href":"https:\/\/www.danz50plus.lu\/wp-json\/wp\/v2\/comments?post=1234"}],"version-history":[{"count":5,"href":"https:\/\/www.danz50plus.lu\/wp-json\/wp\/v2\/pages\/1234\/revisions"}],"predecessor-version":[{"id":1332,"href":"https:\/\/www.danz50plus.lu\/wp-json\/wp\/v2\/pages\/1234\/revisions\/1332"}],"wp:attachment":[{"href":"https:\/\/www.danz50plus.lu\/wp-json\/wp\/v2\/media?parent=1234"}],"curies":[{"name":"wp","href":"https:\/\/api.w.org\/{rel}","templated":true}]}}